{"id":45,"date":"2025-05-02T11:40:19","date_gmt":"2025-05-02T11:40:19","guid":{"rendered":"https:\/\/autogarage.sandy-webdesign.ch\/?page_id=45"},"modified":"2025-05-04T15:21:55","modified_gmt":"2025-05-04T15:21:55","slug":"dienstleistungen","status":"publish","type":"page","link":"https:\/\/autogarage.sandy-webdesign.ch\/?page_id=45","title":{"rendered":"Dienstleistungen"},"content":{"rendered":"\n<div class=\"wp-block-group\"><div class=\"wp-block-group__inner-container is-layout-constrained wp-block-group-is-layout-constrained\">\n<div class=\"wp-block-columns is-layout-flex wp-container-core-columns-is-layout-9d6595d7 wp-block-columns-is-layout-flex\">\n<div class=\"wp-block-column is-layout-flow wp-block-column-is-layout-flow\" style=\"flex-basis:100%\">\n<div class=\"wp-block-group\"><div class=\"wp-block-group__inner-container is-layout-constrained wp-block-group-is-layout-constrained\">\n<div class=\"wp-block-columns is-layout-flex wp-container-core-columns-is-layout-9d6595d7 wp-block-columns-is-layout-flex\">\n<div class=\"wp-block-column is-vertically-aligned-stretch is-layout-flow wp-block-column-is-layout-flow\">\n<p class=\"has-text-align-left\">In der Autogarage Sandy bieten wir umfassende Dienstleistungen rund ums Auto. Von der regelm\u00e4ssigen Wartung \u00fcber Reparaturen an Motor, Bremsen oder Auspuff bis hin zur professionellen Diagnose und Fehlerbehebung k\u00fcmmern wir uns zuverl\u00e4ssig um Fahrzeuge aller Marken. Auch die Vorbereitung f\u00fcr die MFK, <\/p>\n<\/div>\n\n\n\n<div class=\"wp-block-column is-vertically-aligned-center is-layout-flow wp-block-column-is-layout-flow\">\n<p>der Klimaservice, Reifenwechsel sowie Innen- und Aussenreinigung geh\u00f6ren zu unserem Angebot. Bei l\u00e4ngeren Arbeiten stellen wir auf Wunsch gerne ein Ersatzfahrzeug zur Verf\u00fcgung. Dabei legen wir grossen Wert auf pers\u00f6nliche Beratung, transparente Kommunikation und faire Preise \u2013 damit Sie und Ihr Auto bestens betreut sind.<\/p>\n<\/div>\n<\/div>\n<\/div><\/div>\n<\/div>\n<\/div>\n<\/div><\/div>\n\n\n\n<figure class=\"wp-block-image size-large is-resized\"><img loading=\"lazy\" decoding=\"async\" width=\"1024\" height=\"683\" src=\"https:\/\/autogarage.sandy-webdesign.ch\/wp-content\/uploads\/2025\/05\/rawpixel-741689-unsplash-1024x683.jpg\" alt=\"\" class=\"wp-image-38\" style=\"width:583px;height:auto\" srcset=\"https:\/\/autogarage.sandy-webdesign.ch\/wp-content\/uploads\/2025\/05\/rawpixel-741689-unsplash-1024x683.jpg 1024w, https:\/\/autogarage.sandy-webdesign.ch\/wp-content\/uploads\/2025\/05\/rawpixel-741689-unsplash-300x200.jpg 300w, https:\/\/autogarage.sandy-webdesign.ch\/wp-content\/uploads\/2025\/05\/rawpixel-741689-unsplash-768x512.jpg 768w, https:\/\/autogarage.sandy-webdesign.ch\/wp-content\/uploads\/2025\/05\/rawpixel-741689-unsplash-676x451.jpg 676w, https:\/\/autogarage.sandy-webdesign.ch\/wp-content\/uploads\/2025\/05\/rawpixel-741689-unsplash.jpg 1349w\" sizes=\"auto, (max-width: 1024px) 100vw, 1024px\" \/><\/figure>\n","protected":false},"excerpt":{"rendered":"<p>In der Autogarage Sandy bieten wir umfassende Dienstleistungen rund ums Auto. Von der regelm\u00e4ssigen Wartung \u00fcber Reparaturen an Motor, Bremsen oder Auspuff bis hin zur professionellen Diagnose und Fehlerbehebung k\u00fcmmern wir uns zuverl\u00e4ssig um Fahrzeuge aller Marken. Auch die Vorbereitung f\u00fcr die MFK, der Klimaservice, Reifenwechsel sowie Innen- und Aussenreinigung geh\u00f6ren zu unserem Angebot. Bei [&hellip;]<\/p>\n","protected":false},"author":1,"featured_media":0,"parent":0,"menu_order":2,"comment_status":"closed","ping_status":"closed","template":"","meta":{"footnotes":""},"class_list":["post-45","page","type-page","status-publish","hentry","post-preview"],"_links":{"self":[{"href":"https:\/\/autogarage.sandy-webdesign.ch\/index.php?rest_route=\/wp\/v2\/pages\/45","targetHints":{"allow":["GET"]}}],"collection":[{"href":"https:\/\/autogarage.sandy-webdesign.ch\/index.php?rest_route=\/wp\/v2\/pages"}],"about":[{"href":"https:\/\/autogarage.sandy-webdesign.ch\/index.php?rest_route=\/wp\/v2\/types\/page"}],"author":[{"embeddable":true,"href":"https:\/\/autogarage.sandy-webdesign.ch\/index.php?rest_route=\/wp\/v2\/users\/1"}],"replies":[{"embeddable":true,"href":"https:\/\/autogarage.sandy-webdesign.ch\/index.php?rest_route=%2Fwp%2Fv2%2Fcomments&post=45"}],"version-history":[{"count":5,"href":"https:\/\/autogarage.sandy-webdesign.ch\/index.php?rest_route=\/wp\/v2\/pages\/45\/revisions"}],"predecessor-version":[{"id":79,"href":"https:\/\/autogarage.sandy-webdesign.ch\/index.php?rest_route=\/wp\/v2\/pages\/45\/revisions\/79"}],"wp:attachment":[{"href":"https:\/\/autogarage.sandy-webdesign.ch\/index.php?rest_route=%2Fwp%2Fv2%2Fmedia&parent=45"}],"curies":[{"name":"wp","href":"https:\/\/api.w.org\/{rel}","templated":true}]}}